{"id":3,"date":"2020-12-08T10:24:49","date_gmt":"2020-12-08T09:24:49","guid":{"rendered":"http:\/\/geteiltewelten.net\/?page_id=3"},"modified":"2024-04-02T13:14:04","modified_gmt":"2024-04-02T11:14:04","slug":"privacy-policy","status":"publish","type":"page","link":"https:\/\/geteiltewelten.net\/de\/privacy-policy\/","title":{"rendered":"Datenschutzerkl\u00e4rung"},"content":{"rendered":"<div class=\"wp-block-group has-link-color wp-elements-a538b4a2a3f519db5712f6cea2690fa8 has-global-padding is-layout-constrained wp-block-group-is-layout-constrained\">\n<p>Diese Datenschutzrichtlinie beschreibt die Richtlinien und Verfahren f\u00fcr die Erfassung, Verwendung und Weitergabe Ihrer Daten bei der Nutzung der Website und informiert Sie \u00fcber Ihre Datenschutzrechte und wie das Gesetz Sie sch\u00fctzt.<\/p>\n\n\n\n<p>Ich verwende Ihre pers\u00f6nlichen Daten, um den Dienst bereitzustellen und zu verbessern. Durch die Nutzung des Dienstes erkl\u00e4ren Sie sich mit der Erfassung und Nutzung von Informationen in \u00dcbereinstimmung mit dieser Datenschutzrichtlinie einverstanden.<\/p>\n\n\n\n<h2 class=\"wp-block-heading\">Auslegung und Definitionen<\/h2>\n\n\n\n<h3 class=\"wp-block-heading\"><strong>Auslegung &nbsp;<\/strong><\/h3>\n\n\n\n<p>Die W\u00f6rter, deren Anfangsbuchstaben gro\u00df geschrieben werden, haben die unter den folgenden Bedingungen definierten Bedeutungen. Die folgenden Definitionen haben dieselbe Bedeutung, unabh\u00e4ngig davon, ob sie im Singular oder im Plural stehen.<\/p>\n\n\n\n<h3 class=\"wp-block-heading\"><strong>Definitionen &nbsp;<\/strong><\/h3>\n\n\n\n<p>F\u00fcr die Zwecke dieser Datenschutzrichtlinie:<\/p>\n\n\n\n<p>* Cookies sind kleine Dateien, die von einer Website auf Ihrem Computer, Ihrem Mobilger\u00e4t oder einem anderen Ger\u00e4t abgelegt werden und die unter anderem Angaben zu Ihrem Surfverhalten auf dieser Website enthalten.<\/p>\n\n\n\n<p>* Land bezieht sich auf: Deutschland<\/p>\n\n\n\n<p>* Ger\u00e4t ist jedes Ger\u00e4t, das auf die Website zugreifen kann, wie z. B. ein Computer, ein Telefon oder ein Tablet.<\/p>\n\n\n\n<p>&nbsp; * Personenbezogene Daten sind alle Informationen, die sich auf eine identifizierte oder identifizierbare Person beziehen.<\/p>\n\n\n\n<p>* Dienst bezieht sich auf die Website.<\/p>\n\n\n\n<p>* Nutzungsdaten bezieht sich auf automatisch erfasste Daten, die entweder durch die Nutzung des Dienstes oder durch die Infrastruktur des Dienstes selbst erzeugt werden (z.B. die Dauer eines Seitenbesuchs).<\/p>\n\n\n\n<p>* Die Website verweist auf Geteilte Welten, zug\u00e4nglich \u00fcber https:\/\/geteiltewelten.net<\/p>\n\n\n\n<p>* Sie sind die Person, die auf den Dienst zugreift oder ihn nutzt, bzw. die Website oder eine andere juristische Person, in deren Namen eine solche Person auf den Dienst zugreift oder ihn nutzt, je nach Fall.<\/p>\n\n\n\n<h2 class=\"wp-block-heading\">Erfassung und Verwendung Ihrer pers\u00f6nlichen Daten<\/h2>\n\n\n\n<h3 class=\"wp-block-heading\"><strong>Arten von gesammelten Daten: <\/strong>&nbsp;<\/h3>\n\n\n\n<h4 class=\"wp-block-heading\"><strong>Pers\u00f6nliche Daten<\/strong> &nbsp;<\/h4>\n\n\n\n<p>Wenn Sie das Kontaktformular verwenden, bitte ich Sie, mir bestimmte personenbezogene Daten mitzuteilen, die verwendet werden k\u00f6nnen, um Sie zu kontaktieren oder zu identifizieren. Pers\u00f6nlich identifizierbare Informationen k\u00f6nnen unter anderem sein<\/p>\n\n\n\n<p>* Ihr Name<\/p>\n\n\n\n<p>* Ihre E-Mail Adresse<\/p>\n\n\n\n<h4 class=\"wp-block-heading\"><strong>Nutzungsdaten <\/strong>&nbsp;<\/h4>\n\n\n\n<p>Nutzungsdaten werden bei der Nutzung des Dienstes automatisch erfasst.<\/p>\n\n\n\n<p>Zu den Nutzungsdaten k\u00f6nnen Informationen wie die Internetprotokolladresse Ihres Ger\u00e4ts (z. B. IP-Adresse), der Browsertyp, die Browserversion, die von Ihnen besuchten Seiten unseres Dienstes, die Uhrzeit und das Datum Ihres Besuchs, die auf diesen Seiten verbrachte Zeit, eindeutige Ger\u00e4tekennungen und andere Diagnosedaten geh\u00f6ren.<\/p>\n\n\n\n<p>Wenn Sie \u00fcber ein mobiles Ger\u00e4t auf den Dienst zugreifen, kann die Website bestimmte Informationen automatisch erfassen, einschlie\u00dflich, aber nicht beschr\u00e4nkt auf die Art des von Ihnen verwendeten mobilen Ger\u00e4ts, die eindeutige ID Ihres mobilen Ger\u00e4ts, die IP-Adresse Ihres mobilen Ger\u00e4ts, Ihr mobiles Betriebssystem, die Art des von Ihnen verwendeten mobilen Internetbrowsers, eindeutige Ger\u00e4tekennungen und andere Diagnosedaten.<\/p>\n\n\n\n<p>Die Website kann auch Informationen sammeln, die Ihr Browser sendet, wenn Sie meinen Dienst besuchen oder wenn Sie \u00fcber ein mobiles Ger\u00e4t auf den Dienst zugreifen.<\/p>\n\n\n\n<h4 class=\"wp-block-heading\"><strong>Tracking-Technologien und Cookies <\/strong>&nbsp;<\/h4>\n\n\n\n<p>Die Website verwendet Cookies und \u00e4hnliche Tracking-Technologien, um die Aktivit\u00e4ten auf dem Dienst zu verfolgen und bestimmte Informationen zu speichern. Bei den verwendeten Tracking-Technologien handelt es sich um Beacons, Tags und Skripte zur Erfassung und Verfolgung von Informationen sowie zur Verbesserung und Analyse des Dienstes. Zu den von der Website verwendeten Technologien k\u00f6nnen geh\u00f6ren:<\/p>\n\n\n\n<p>* Cookies oder Browser-Cookies. Ein Cookie ist eine kleine Datei, die auf Ihrem Ger\u00e4t gespeichert wird. Sie k\u00f6nnen Ihren Browser anweisen, alle Cookies abzulehnen oder anzuzeigen, wenn ein Cookie gesendet wird. Wenn Sie jedoch keine Cookies akzeptieren, k\u00f6nnen Sie m\u00f6glicherweise einige Teile des Dienstes nicht nutzen. Sofern Sie Ihren Browser nicht so eingestellt haben, dass er Cookies ablehnt, kann der Dienst Cookies verwenden.<\/p>\n\n\n\n<p>* Flash-Cookies. Bestimmte Funktionen des Dienstes k\u00f6nnen lokal gespeicherte Objekte (oder Flash Cookies) verwenden, um Informationen \u00fcber Ihre Pr\u00e4ferenzen oder Ihre Aktivit\u00e4ten im Dienst zu sammeln und zu speichern. Flash-Cookies werden nicht \u00fcber dieselben Browser-Einstellungen verwaltet wie die Browser-Cookies. Weitere Informationen dar\u00fcber, wie Sie Flash-Cookies l\u00f6schen k\u00f6nnen, finden Sie unter <a href=\"https:\/\/www.adobe.com\/products\/flashplayer\/end-of-life.html#main_Where_can_I_change_the_settings_for_disabling__or_deleting_local_shared_objects_\">\"Wo kann ich die Einstellungen zum Deaktivieren oder L\u00f6schen von lokal gespeicherten Objekten \u00e4ndern?\"<\/a>&nbsp;<\/p>\n\n\n\n<p>* Web Beacons. Bestimmte Bereiche des Dienstes und meiner E-Mail k\u00f6nnen kleine elektronische Dateien enthalten, die als Web Beacons (auch als Clear Gifs, Pixel Tags und Single-Pixel Gifs bezeichnet) bekannt sind und es der Website beispielsweise erm\u00f6glichen, die Nutzer zu z\u00e4hlen, die diese Seiten besucht oder eine E-Mail ge\u00f6ffnet haben, sowie andere damit verbundene Website-Statistiken zu erstellen (z. B. die Aufzeichnung der Anzahl der Nutzer, die diese Seiten besucht haben).<\/p>\n\n\n\n<p>Cookies k\u00f6nnen \"dauerhafte\" oder \"Sitzungs\"-Cookies sein. Dauerhafte Cookies verbleiben auf Ihrem Computer oder Mobilger\u00e4t, wenn Sie offline gehen, w\u00e4hrend Sitzungscookies gel\u00f6scht werden, sobald Sie Ihren Webbrowser schlie\u00dfen.<\/p>\n\n\n\n<h5 class=\"wp-block-heading\"><strong>Die Website verwendet sowohl Sitzungscookies als auch dauerhafte Cookies f\u00fcr die unten aufgef\u00fchrten Zwecke:<\/strong><\/h5>\n\n\n\n<p>* Notwendige \/ wesentliche Cookies<\/p>\n\n\n\n<p>Typ: Sitzungs-Cookies<\/p>\n\n\n\n<p>Verwaltet von: mir<\/p>\n\n\n\n<p>Dienste auf der Website zur Verf\u00fcgung zu stellen und Ihnen die Nutzung einiger Funktionen. Sie helfen bei der Authentifizierung von Benutzern und verhindern die betr\u00fcgerische Nutzung von Benutzerkonten zu verhindern. Ohne diese Cookies k\u00f6nnen die von Ihnen angeforderten Dienste nicht bereitgestellt werden. nicht zur Verf\u00fcgung gestellt werden, und ich verwende diese Cookies nur, um Ihnen diese Dienste zur Verf\u00fcgung zu stellen.<\/p>\n\n\n\n<p>* Cookies Politik \/ Hinweis Akzeptanz Cookies<\/p>\n\n\n\n<p>Typ: Dauerhafte Cookies<\/p>\n\n\n\n<p>Verwaltet von: mir<\/p>\n\n\n\n<p>Zweck: Diese Cookies zeigen an, ob die Benutzer die Verwendung von Cookies auf der Website akzeptiert haben.<\/p>\n\n\n\n<p>&nbsp; * Funktionalit\u00e4t Cookies<\/p>\n\n\n\n<p>Typ: Dauerhafte Cookies<\/p>\n\n\n\n<p>Verwaltet von: mir<\/p>\n\n\n\n<p>Zweck: Diese Cookies erm\u00f6glichen es mir, mich an Ihre Entscheidungen zu erinnern, die Sie bei der Nutzung der Website treffen, wie z.B. die Speicherung Ihrer Anmeldedaten oder Pr\u00e4ferenz. Der Zweck dieser Cookies ist es, Ihnen eine pers\u00f6nlichere Erfahrung zu bieten pers\u00f6nliche Erfahrung zu bieten und zu vermeiden, dass Sie Ihre Pr\u00e4ferenzen  jedes Mal neu eingeben m\u00fcssen, wenn Sie die Website nutzen.<\/p>\n\n\n\n<h2 class=\"wp-block-heading\">Verwendung Ihrer pers\u00f6nlichen Daten<\/h2>\n\n\n\n<p>Die Website kann personenbezogene Daten f\u00fcr die folgenden Zwecke verwenden:<\/p>\n\n\n\n<p>* Zur Bereitstellung und Aufrechterhaltung unseres Dienstes, einschlie\u00dflich der \u00dcberwachung der Nutzung der Website.<\/p>\n\n\n\n<p>* Um Sie zu kontaktieren: Um Sie per E-Mail zu kontaktieren.<\/p>\n\n\n\n<p>* Um Ihre Anfragen zu bearbeiten: Zur Bearbeitung und Verwaltung Ihrer Anfragen an uns.<\/p>\n\n\n\n<p>* F\u00fcr andere Zwecke: Die Website kann Ihre Informationen f\u00fcr andere Zwecke verwenden, wie Datenanalyse, Identifizierung von Nutzungstrends, Bestimmung der Effektivit\u00e4t von Werbekampagnen und zur Bewertung und Verbesserung der Website und Ihrer Erfahrung.<\/p>\n\n\n\n<p>Die Website kann Ihre pers\u00f6nlichen Daten in den folgenden Situationen weitergeben:<\/p>\n\n\n\n<p>* Mit Dienstanbietern: Wir k\u00f6nnen Ihre pers\u00f6nlichen Daten weitergeben an\n  Dienstanbietern weitergeben, um die Nutzung unseres Dienstes zu \u00fcberwachen und zu analysieren, um Sie zu kontaktieren.<\/p>\n\n\n\n<p>* Mit Ihrer Zustimmung: Wir k\u00f6nnen Ihre pers\u00f6nlichen Informationen f\u00fcr jeden anderen\n  anderen Zwecken mit Ihrer Zustimmung weitergeben.<\/p>\n\n\n\n<h2 class=\"wp-block-heading\">Aufbewahrung Ihrer pers\u00f6nlichen Daten<\/h2>\n\n\n\n<p>Die Website bewahrt Ihre pers\u00f6nlichen Daten nur so lange auf, wie es f\u00fcr die in dieser Datenschutzrichtlinie genannten Zwecke erforderlich ist. Wir werden Ihre pers\u00f6nlichen Daten in dem Ma\u00dfe aufbewahren und verwenden, wie es notwendig ist, um unseren rechtlichen Verpflichtungen nachzukommen (z. B. wenn wir Ihre Daten aufbewahren m\u00fcssen, um geltende Gesetze einzuhalten), Streitigkeiten zu l\u00f6sen und unsere rechtlichen Vereinbarungen und Richtlinien durchzusetzen.<\/p>\n\n\n\n<p>Die Website speichert auch Nutzungsdaten f\u00fcr interne Analysezwecke. Nutzungsdaten werden im Allgemeinen f\u00fcr einen k\u00fcrzeren Zeitraum aufbewahrt, es sei denn, diese Daten werden verwendet, um die Sicherheit oder die Funktionalit\u00e4t unseres Dienstes zu verbessern, oder wir sind gesetzlich verpflichtet, diese Daten f\u00fcr l\u00e4ngere Zeitr\u00e4ume aufzubewahren.<\/p>\n\n\n\n<h2 class=\"wp-block-heading\">\u00dcbermittlung Ihrer pers\u00f6nlichen Daten<\/h2>\n\n\n\n<p>Ihre Informationen, einschlie\u00dflich personenbezogener Daten, werden in den Betriebsb\u00fcros der Website und an anderen Orten verarbeitet, an denen sich die an der Verarbeitung beteiligten Parteien befinden. Das bedeutet, dass diese Daten an Computer au\u00dferhalb Ihres Staates, Ihrer Provinz, Ihres Landes oder einer anderen staatlichen Gerichtsbarkeit, in der andere Datenschutzgesetze als in Ihrer Gerichtsbarkeit gelten, \u00fcbertragen und dort gespeichert werden k\u00f6nnen.<\/p>\n\n\n\n<p>Ihre Zustimmung zu dieser Datenschutzrichtlinie, gefolgt von der \u00dcbermittlung dieser Informationen, stellt Ihre Zustimmung zu dieser \u00dcbertragung dar.<\/p>\n\n\n\n<p>Ich werde alle angemessenen Schritte unternehmen, um sicherzustellen, dass Ihre Daten sicher und in \u00dcbereinstimmung mit dieser Datenschutzrichtlinie behandelt werden, und es wird keine \u00dcbermittlung Ihrer pers\u00f6nlichen Daten an eine Organisation oder ein Land stattfinden, es sei denn, es sind angemessene Kontrollen vorhanden, die die Sicherheit Ihrer Daten und anderer pers\u00f6nlicher Informationen umfassen.<\/p>\n\n\n\n<h3 class=\"wp-block-heading\"><strong>Offenlegung Ihrer pers\u00f6nlichen Daten<\/strong> &nbsp;<\/h3>\n\n\n\n<h4 class=\"wp-block-heading\"><strong>Gesch\u00e4ftstransaktionen<\/strong> &nbsp;<\/h4>\n\n\n\n<p>Wenn die Website an einer Fusion, einer \u00dcbernahme oder einem Verkauf von Verm\u00f6genswerten beteiligt ist, k\u00f6nnen Ihre pers\u00f6nlichen Daten \u00fcbertragen werden. Wir werden Sie informieren, bevor Ihre pers\u00f6nlichen Daten \u00fcbertragen werden und einer anderen Datenschutzrichtlinie unterliegen.<\/p>\n\n\n\n<h4 class=\"wp-block-heading\"><strong>Strafverfolgung<\/strong> &nbsp;<\/h4>\n\n\n\n<p>Unter bestimmten Umst\u00e4nden kann ich verpflichtet sein, Ihre pers\u00f6nlichen Daten offenzulegen, wenn dies gesetzlich vorgeschrieben ist oder als Antwort auf berechtigte Anfragen von Beh\u00f6rden (z. B. einem Gericht oder einer Regierungsbeh\u00f6rde).<\/p>\n\n\n\n<h4 class=\"wp-block-heading\"><strong>Andere gesetzliche Anforderungen<\/strong><\/h4>\n\n\n\n<p>Ich kann Ihre pers\u00f6nlichen Daten in dem guten Glauben offenlegen, dass dies notwendig ist, um:<\/p>\n\n\n\n<p>* einer gesetzlichen Verpflichtung nachzukommen<br>* die Rechte oder das Eigentum der Website zu sch\u00fctzen und zu verteidigen<br>* Verhinderung oder Untersuchung m\u00f6glichen Fehlverhaltens im Zusammenhang mit dem Dienst<br>* die pers\u00f6nliche Sicherheit der Nutzer des Dienstes oder der \u00d6ffentlichkeit zu sch\u00fctzen<br>* Schutz vor rechtlicher Haftung<\/p>\n\n\n\n<h4 class=\"wp-block-heading\"><strong>Sicherheit Ihrer pers\u00f6nlichen Daten<\/strong> &nbsp;<\/h4>\n\n\n\n<p>Die Sicherheit Ihrer pers\u00f6nlichen Daten ist uns wichtig, aber denken Sie daran, dass keine Methode der \u00dcbertragung \u00fcber das Internet oder der elektronischen Speicherung 100% sicher ist. Obwohl ich mich bem\u00fche, handels\u00fcbliche Mittel zum Schutz Ihrer pers\u00f6nlichen Daten einzusetzen, kann ich deren absolute Sicherheit nicht garantieren.<\/p>\n\n\n\n<h2 class=\"wp-block-heading\">Datenschutz f\u00fcr Kinder<\/h2>\n\n\n\n<p>Dieser Dienst richtet sich nicht an Personen unter 13 Jahren. Ich sammle nicht wissentlich personenbezogene Daten von Personen unter 13 Jahren. Wenn Sie ein Elternteil oder Erziehungsberechtigter sind und wissen, dass Ihr Kind mir personenbezogene Daten zur Verf\u00fcgung gestellt hat, kontaktieren Sie mich bitte. Wenn ich erfahre, dass ich personenbezogene Daten von Personen unter 13 Jahren ohne \u00dcberpr\u00fcfung der elterlichen Zustimmung erfasst habe, ergreife ich Ma\u00dfnahmen, um diese Daten von unseren Servern zu entfernen.<\/p>\n\n\n\n<p>Wenn ich mich auf die Zustimmung als Rechtsgrundlage f\u00fcr die Verarbeitung Ihrer Daten verlassen muss und Ihr Land die Zustimmung eines Elternteils erfordert, kann ich die Zustimmung Ihres Elternteils verlangen, bevor ich diese Daten erhebe und verwende.<\/p>\n\n\n\n<h2 class=\"wp-block-heading\">Links zu anderen Websites<\/h2>\n\n\n\n<p>Die Website kann Links zu anderen Websites enthalten, die nicht von mir betrieben werden. Wenn Sie auf einen Link einer dritten Partei klicken, werden Sie auf die Seite dieser dritten Partei weitergeleitet. Ich empfehle Ihnen dringend, die Datenschutzrichtlinien jeder von Ihnen besuchten Website zu lesen.<\/p>\n\n\n\n<p>Ich habe keine Kontrolle \u00fcber und \u00fcbernehme keine Verantwortung f\u00fcr die Inhalte, Datenschutzrichtlinien oder Praktiken von Websites oder Diensten Dritter.<\/p>\n\n\n\n<h2 class=\"wp-block-heading\">\u00c4nderungen an dieser Datenschutzrichtlinie<\/h2>\n\n\n\n<p>Ich kann meine Datenschutzrichtlinie von Zeit zu Zeit aktualisieren. Ich werde Sie \u00fcber alle \u00c4nderungen informieren, indem ich die neue Datenschutzrichtlinie auf dieser Seite ver\u00f6ffentliche.<\/p>\n\n\n\n<p>Ich werde Sie per E-Mail und\/oder durch einen auff\u00e4lligen Hinweis in meinem Service informieren, bevor die \u00c4nderung in Kraft tritt, und das Datum \"Letzte Aktualisierung\" am Anfang dieser Datenschutzrichtlinie aktualisieren.<\/p>\n\n\n\n<p>Wir empfehlen Ihnen, diese Datenschutzrichtlinie regelm\u00e4\u00dfig auf \u00c4nderungen zu \u00fcberpr\u00fcfen. \u00c4nderungen an dieser Datenschutzrichtlinie treten in Kraft, wenn sie auf dieser Seite ver\u00f6ffentlicht werden.<\/p>\n\n\n\n<h2 class=\"wp-block-heading\">Kontaktieren Sie mich<\/h2>\n\n\n\n<p>If You have any questions about this Privacy Policy, You can <a href=\"https:\/\/geteiltewelten.net\/de\/contact\/\" data-type=\"page\" data-id=\"267\">contact me<\/a><\/p>\n<\/div>","protected":false},"excerpt":{"rendered":"<p>This Privacy Policy describes the policies and procedures on the collection, use and disclosure of Your information when You use the site and tells You about Your privacy rights and how the law protects You. I use Your Personal data to provide and improve the Service. By using the Service, You agree to the collection [&hellip;]<\/p>\n","protected":false},"author":3,"featured_media":0,"parent":0,"menu_order":0,"comment_status":"closed","ping_status":"closed","template":"","meta":{"footnotes":""},"class_list":["post-3","page","type-page","status-publish","hentry"],"_links":{"self":[{"href":"https:\/\/geteiltewelten.net\/de\/wp-json\/wp\/v2\/pages\/3","targetHints":{"allow":["GET"]}}],"collection":[{"href":"https:\/\/geteiltewelten.net\/de\/wp-json\/wp\/v2\/pages"}],"about":[{"href":"https:\/\/geteiltewelten.net\/de\/wp-json\/wp\/v2\/types\/page"}],"author":[{"embeddable":true,"href":"https:\/\/geteiltewelten.net\/de\/wp-json\/wp\/v2\/users\/3"}],"replies":[{"embeddable":true,"href":"https:\/\/geteiltewelten.net\/de\/wp-json\/wp\/v2\/comments?post=3"}],"version-history":[{"count":9,"href":"https:\/\/geteiltewelten.net\/de\/wp-json\/wp\/v2\/pages\/3\/revisions"}],"predecessor-version":[{"id":384,"href":"https:\/\/geteiltewelten.net\/de\/wp-json\/wp\/v2\/pages\/3\/revisions\/384"}],"wp:attachment":[{"href":"https:\/\/geteiltewelten.net\/de\/wp-json\/wp\/v2\/media?parent=3"}],"curies":[{"name":"wp","href":"https:\/\/api.w.org\/{rel}","templated":true}]}}