{"id":271,"date":"2023-10-06T18:09:23","date_gmt":"2023-10-06T16:09:23","guid":{"rendered":"https:\/\/geteiltewelten.net\/?page_id=271"},"modified":"2024-09-10T11:17:17","modified_gmt":"2024-09-10T09:17:17","slug":"content-note","status":"publish","type":"page","link":"https:\/\/geteiltewelten.net\/de\/content-note\/","title":{"rendered":"Inhaltliche Hinweise"},"content":{"rendered":"<div class=\"wp-block-group has-contrast-color has-text-color has-link-color wp-elements-4bdbf4bd3e2d8b1726809ba60793dfd1 has-global-padding is-layout-constrained wp-block-group-is-layout-constrained\">\n<p>Bitte beachte, dass das Medium des H\u00f6rspaziergangs vor allem durch die Verwendung von 3D-Sound sehr immersiv ist. Daher kann ein H\u00f6rspaziergang als direkter und intensiver empfunden werden als beispielsweise das Ansehen eines Filmes.<\/p>\n\n\n\n<p>Der 80-min\u00fctige H\u00f6rspaziergang enth\u00e4lt sehr viele, sehr dichte Erz\u00e4hlungen \u00fcber historische und aktuelle Gewalt, einschlie\u00dflich sexualisierter, rassistischer (inklusive Antisemitismus), ableistischer, queerfeindlicher und klassenbezogener Gewalt. Geteilte Welten verfolgt einen intersektionalen Ansatz, der die unterschiedlichen Verstrickungen dieser Gewaltformen hervorhebt. Damit von Gewalt betroffene H\u00f6rende selbstbestimmt entscheiden k\u00f6nnen ob und wie sie an dem H\u00f6rspaziergang teilnehmen m\u00f6chten, werden im Folgenden einige der Gewaltformen aufgelistet die in den jeweiligen Tracks schwerpunktm\u00e4\u00dfig behandelt werden.<\/p>\n\n\n\n<ol class=\"wp-block-list\">\n<li><strong>Intro<\/strong><\/li>\n\n\n\n<li><strong>Aktion T4: <\/strong>Ableismus, anti-Schwarzer Rassismus<\/li>\n\n\n\n<li><strong>Abuela Kueka:<\/strong> Antisemitismus, anti-muslimischer Rassismus, Anti-Roma-Rassismus, Versklavung, koloniale Gewalt<\/li>\n\n\n\n<li>L<strong>\u00f6wengruppe:<\/strong> Misogynie, Beschreibungen sexualisierter Gewalt gegen\u00fcber weiblich gelesener Personen, Ableismus<\/li>\n\n\n\n<li><strong>Rom*nja &amp; Sinti*zze:<\/strong> Anti-Roma-Rassismus<\/li>\n\n\n\n<li><strong>Kein Vergessen:<\/strong> Beschreibungen rechtsextremistischer Gewalt gegen\u00fcber migrantischen und migrantisierten Menschen, Flucht \u00fcber das Mittelmeer<\/li>\n\n\n\n<li><strong>Homomahnmal: <\/strong>Queerfeindlichkeit, Misogynie, Rassismus<\/li>\n\n\n\n<li><strong>of Europe: <\/strong>Antisemitismus, Rassismus<\/li>\n<\/ol>\n\n\n\n<p>Bitte pass auf dich auf. Vergewissere dich, dass du dich einigerma\u00dfen wohl f\u00fchlst und die Informationen verkraften kannst. Nimm eine*n Freund*in mit oder sorge daf\u00fcr, dass du nach dem H\u00f6rspaziergang mit jemandem reden kannst. Trinke ausreichend.<\/p>\n\n\n\n<p>Vergiss nicht, dass du den H\u00f6rspaziergang jederzeit abbrechen oder eine Pause einlegen kannst.<\/p>\n\n\n\n<h2 class=\"wp-block-heading\">Sprache<\/h2>\n\n\n\n<p>Ich habe lange dar\u00fcber nachgedacht, wie ich diese Geschichten erz\u00e4hlen kann, ohne die Gewalt durch Sprache zu wiederholen.<\/p>\n\n\n\n<p>Auf krasse rassistische, sexistische und ableistische Ausdr\u00fccke wird weitgehend verzichtet. Allerdings glaube ich auch, dass es sinnvoll ist, bestimmte Begriffe in ihren spezifischen historischen Kontexten zu verwenden oder Zitate von T\u00e4ter*innen anzuf\u00fchren, um ein besseres Verst\u00e4ndnis f\u00fcr die betreffenden Geschichten sowie ihr Fortwirken in der Gegenwart zu bekommen. Wann immer dies der Fall ist, werden die Anf\u00fchrungszeichen h\u00f6rbar gemacht.<\/p>\n\n\n\n<p>Ich verwende Selbstbezeichnungen von Gruppen. Da keine Gemeinschaft homogen ist, variieren auch die Begriffe, die sie f\u00fcr sich und ihre Geschichten verwenden. Ich beziehe mich vor allem auf die Wissensproduktionen von Aktivist*innen der Gemeinschaften und benutze deshalb vor allem die von ihnen gew\u00e4hlten Begriffe.<\/p>\n\n\n\n<p>Um alle Geschlechter einzubeziehen, verwende ich meist Adjektive zur Bezeichnung von Gruppen z.B. \u201eromane Menschen\u201c oder wechsle zwischen dem Femininum z.B. \u201eRomnja und Sintizze\" und dem Maskulinum, z.B. \u201eRoma und Sinti.\"<\/p>\n\n\n\n<p>Ich verwende das Wort \"queer\", wenn ich mich auf Praktiken beziehe, die vom (auferlegten) Ideal der Heterosexualit\u00e4t abweichen. Ich bin mir bewusst, dass der Begriff zu dieser Zeit noch nicht zur\u00fcck angeeignet worden war und die Menschen sich h\u00f6chstwahrscheinlich nicht selbst als queer bezeichneten. Ich m\u00f6chte diesen Menschen keine queere Identit\u00e4t aufzwingen, im Gegenteil, ich verstehe queer als ein Verb, das f\u00fcr die Beschreibung verschiedener Formen nicht-heterosexueller Handlungen und Begehren verwendet werden kann, einschlie\u00dflich derer von Menschen, die sich ansonsten als heterosexuell bezeichnen w\u00fcrden.<\/p>\n\n\n\n<p>Weitere Informationen zu Sprache und Inhalt findest du unter <a href=\"https:\/\/geteiltewelten.net\/de\/references\/\" data-type=\"page\" data-id=\"269\">Dank und Verweise<\/a><\/p>\n<\/div>","protected":false},"excerpt":{"rendered":"<p>Please note that the medium of the audiowalk is very immersive, especially through the use of 3D sound. Therefore, an audiowalk can be perceived as more direct and intense than watching a movie, for example. The 80-minute audiowalk contains a lot of very dense discussions about historical and contemporary violence, including sexualized, racist (that includes [&hellip;]<\/p>\n","protected":false},"author":3,"featured_media":0,"parent":0,"menu_order":0,"comment_status":"closed","ping_status":"closed","template":"","meta":{"footnotes":""},"class_list":["post-271","page","type-page","status-publish","hentry"],"_links":{"self":[{"href":"https:\/\/geteiltewelten.net\/de\/wp-json\/wp\/v2\/pages\/271","targetHints":{"allow":["GET"]}}],"collection":[{"href":"https:\/\/geteiltewelten.net\/de\/wp-json\/wp\/v2\/pages"}],"about":[{"href":"https:\/\/geteiltewelten.net\/de\/wp-json\/wp\/v2\/types\/page"}],"author":[{"embeddable":true,"href":"https:\/\/geteiltewelten.net\/de\/wp-json\/wp\/v2\/users\/3"}],"replies":[{"embeddable":true,"href":"https:\/\/geteiltewelten.net\/de\/wp-json\/wp\/v2\/comments?post=271"}],"version-history":[{"count":11,"href":"https:\/\/geteiltewelten.net\/de\/wp-json\/wp\/v2\/pages\/271\/revisions"}],"predecessor-version":[{"id":452,"href":"https:\/\/geteiltewelten.net\/de\/wp-json\/wp\/v2\/pages\/271\/revisions\/452"}],"wp:attachment":[{"href":"https:\/\/geteiltewelten.net\/de\/wp-json\/wp\/v2\/media?parent=271"}],"curies":[{"name":"wp","href":"https:\/\/api.w.org\/{rel}","templated":true}]}}