{"id":265,"date":"2023-10-06T18:05:03","date_gmt":"2023-10-06T16:05:03","guid":{"rendered":"https:\/\/geteiltewelten.net\/?page_id=265"},"modified":"2024-07-16T11:58:52","modified_gmt":"2024-07-16T09:58:52","slug":"take-the-walk","status":"publish","type":"page","link":"https:\/\/geteiltewelten.net\/de\/take-the-walk\/","title":{"rendered":"H\u00f6rspaziergang"},"content":{"rendered":"<p><\/p>\n\n\n\n<div class=\"wp-block-group has-contrast-color has-text-color has-link-color wp-elements-a6f54fe2512ea12d2e59172ff9ff698c has-global-padding is-layout-constrained wp-block-group-is-layout-constrained\">\n<figure class=\"wp-block-image size-full\"><img loading=\"lazy\" decoding=\"async\" width=\"1920\" height=\"1920\" src=\"https:\/\/geteiltewelten.net\/wp-content\/uploads\/GeteilteWeltenKarte.png\" alt=\"\" class=\"wp-image-391\" srcset=\"https:\/\/geteiltewelten.net\/wp-content\/uploads\/GeteilteWeltenKarte.png 1920w, https:\/\/geteiltewelten.net\/wp-content\/uploads\/GeteilteWeltenKarte-300x300.png 300w, https:\/\/geteiltewelten.net\/wp-content\/uploads\/GeteilteWeltenKarte-1024x1024.png 1024w, https:\/\/geteiltewelten.net\/wp-content\/uploads\/GeteilteWeltenKarte-150x150.png 150w, https:\/\/geteiltewelten.net\/wp-content\/uploads\/GeteilteWeltenKarte-768x768.png 768w, https:\/\/geteiltewelten.net\/wp-content\/uploads\/GeteilteWeltenKarte-1536x1536.png 1536w, https:\/\/geteiltewelten.net\/wp-content\/uploads\/GeteilteWeltenKarte-12x12.png 12w\" sizes=\"auto, (max-width: 1920px) 100vw, 1920px\" \/><\/figure>\n\n\n\n<div class=\"wp-block-buttons is-layout-flex wp-block-buttons-is-layout-flex\">\n<div class=\"wp-block-button\"><a class=\"wp-block-button__link has-base-color has-text-color has-link-color wp-element-button\" href=\"https:\/\/geteiltewelten.net\/wp-content\/uploads\/GeteilteWeltenKarte.png\">DOWNLOAD MAP<\/a><\/div>\n<\/div>\n\n\n\n<p>Die Tour beginnt gegen\u00fcber vom Eingang der Berliner Philharmonie, Herbert-von-Karajan-Stra\u00dfe 1 und endet im Denkmal f\u00fcr die ermordeten Juden Europas, Cora-Berliner-Stra\u00dfe 1.<\/p>\n\n\n\n<p><a href=\"https:\/\/maps.app.goo.gl\/mckXE1UtaF1yRNdq6\">Startpunkt in Google Maps<\/a><\/p>\n\n\n\n<p>Du ben\u00f6tigst einen mp3-Player oder ein internetf\u00e4higes Mobiltelefon sowie SEHR WICHTIG Kopfh\u00f6rer. H\u00f6r dir den Spaziergang nicht \u00fcber Lautsprecher an!<\/p>\n\n\n\n<p>Am besten ist es, den H\u00f6rspaziergang vorab herunterzuladen, einfach auf \"Buy Digital Album\" klicken und 0 oder eine Spende deiner Wahl eingeben, die f\u00fcr die Weiterentwicklung des Projekts verwendet wird. Alternativ kannst du die Tracks auch streamen, w\u00e4hrend du die Route entlang gehst.<\/p>\n\n\n\n<p>Du kannst den Spaziergang an jedem Tag der Woche und zu jeder Zeit machen. Bitte beachte, dass bei Dunkelheit nicht alle Teile des Rundgangs beleuchtet sein werden.<\/p>\n\n\n\n<p>Der H\u00f6rspaziergang besteht aus acht Tracks. Der entsprechende Startpunkt jedes Tracks ist in gr\u00fcn auf der Karte markiert.<\/p>\n\n\n\n<p>Um ein umfassendes Erlebnis zu haben, solltest du keinen der Tracks \u00fcberspringen. Wenn es zu anstrengend oder zu hart wird oder du l\u00e4nger an einer Stelle verweilen m\u00f6chtest, kannst du nat\u00fcrlich jederzeit eine Pause einlegen.<\/p>\n\n\n\n<div class=\"wp-block-buttons is-layout-flex wp-block-buttons-is-layout-flex\">\n<div class=\"wp-block-button\"><a class=\"wp-block-button__link has-base-color has-text-color has-link-color wp-element-button\" href=\"https:\/\/geteiltewelten.bandcamp.com\/album\/geteilte-welten-deutsch\" target=\"_blank\" rel=\"noreferrer noopener\">H\u00d6RSPAZIERGANG HERUNTERLADEN<\/a><\/div>\n<\/div>\n\n\n\n<h2 class=\"wp-block-heading\">Barrierefreiheit<\/h2>\n\n\n\n<p>Die gesamte Tour dauert etwa 80 Minuten. Die Zeit zum Abgehen der Route ohne Hilfsmittel betr\u00e4gt ca. 30-40 Minuten, und es gibt viele M\u00f6glichkeiten, sich auf B\u00e4nken entlang des Weges auszuruhen, vorausgesetzt, die Wetterbedingungen lassen dies zu. Informiere dich \u00fcber die Wettervorhersage und bringe m\u00f6glicherweise ein wasserfestes Sitzkissen oder eine Plastikt\u00fcte f\u00fcr die B\u00e4nke mit.<\/p>\n\n\n\n<p>Die Tour ist f\u00fcr Rollstuhlnutzer*innen geeignet.<\/p>\n\n\n\n<p>Die letzte Station, das Denkmal f\u00fcr die ermordeten Juden Europas, ist ebenfalls mit dem Rollstuhl befahrbar. Auf der Webseite der Stiftung des Denkmals hei\u00dft es: \u201eDas Stelenfeld [...] hat 13 markierte Eingangsachsen, deren Neigungswinkel maximal 8% betr\u00e4gt. Sie sind mit besonders rillierten Pflastersteinen und Bodenpiktogrammen (Rollstuhl-Symbol) an der Grenze zum \u00f6ffentlichen Gehweg markiert.\u201d<\/p>\n\n\n\n<p>Leider sind zum jetzigen Zeitpunkt die Wegbeschreibungen im H\u00f6rspaziergang, sowie die Beschreibung der Zielorte noch nicht ausreichend aufbereitet f\u00fcr blinde und sehbehinderte Menschen ohne Assistenz.<\/p>\n<\/div>","protected":false},"excerpt":{"rendered":"<p>The tour starts opposite the entrance of the Berliner Philharmonie, Herbert-von-Karajan-Stra\u00dfe 1 and ends inside the Memorial to the Murdered Jews of Europe, Cora-Berliner-Stra\u00dfe 1. Starting point in Google Maps You will need an mp3 player or a mobile phone that can access the internet as well as VERY IMPORTANT, a pair of headphones. Do [&hellip;]<\/p>\n","protected":false},"author":3,"featured_media":0,"parent":0,"menu_order":0,"comment_status":"closed","ping_status":"closed","template":"","meta":{"footnotes":""},"class_list":["post-265","page","type-page","status-publish","hentry"],"_links":{"self":[{"href":"https:\/\/geteiltewelten.net\/de\/wp-json\/wp\/v2\/pages\/265","targetHints":{"allow":["GET"]}}],"collection":[{"href":"https:\/\/geteiltewelten.net\/de\/wp-json\/wp\/v2\/pages"}],"about":[{"href":"https:\/\/geteiltewelten.net\/de\/wp-json\/wp\/v2\/types\/page"}],"author":[{"embeddable":true,"href":"https:\/\/geteiltewelten.net\/de\/wp-json\/wp\/v2\/users\/3"}],"replies":[{"embeddable":true,"href":"https:\/\/geteiltewelten.net\/de\/wp-json\/wp\/v2\/comments?post=265"}],"version-history":[{"count":26,"href":"https:\/\/geteiltewelten.net\/de\/wp-json\/wp\/v2\/pages\/265\/revisions"}],"predecessor-version":[{"id":444,"href":"https:\/\/geteiltewelten.net\/de\/wp-json\/wp\/v2\/pages\/265\/revisions\/444"}],"wp:attachment":[{"href":"https:\/\/geteiltewelten.net\/de\/wp-json\/wp\/v2\/media?parent=265"}],"curies":[{"name":"wp","href":"https:\/\/api.w.org\/{rel}","templated":true}]}}